{"id":66,"date":"2021-09-05T19:12:02","date_gmt":"2021-09-05T19:12:02","guid":{"rendered":"https:\/\/datasec.com.tr\/?page_id=66"},"modified":"2021-09-05T19:56:26","modified_gmt":"2021-09-05T19:56:26","slug":"ana-sayfa","status":"publish","type":"page","link":"https:\/\/datasec.com.tr\/","title":{"rendered":"Hakk\u0131m\u0131zda"},"content":{"rendered":"\n<p>Datasec farkl\u0131 m\u00fc\u015fteri segmentlerinde odaklanm\u0131\u015f yapay zek\u00e2 tabanl\u0131 ses analizi konusunda inovatif \u00e7\u00f6z\u00fcmler sunmaktad\u0131r. Yerel ve globalde ses teknolojileri konusunda g\u00fc\u00e7l\u00fc, rekabet\u00e7i ve yenilik\u00e7i bir soluk olacakt\u0131r.<\/p>\n","protected":false},"excerpt":{"rendered":"<p>Datasec farkl\u0131 m\u00fc\u015fteri segmentlerinde odaklanm\u0131\u015f yapay zek\u00e2 tabanl\u0131 ses analizi konusunda inovatif \u00e7\u00f6z\u00fcmler sunmaktad\u0131r. Yerel ve globalde ses teknolojileri konusunda g\u00fc\u00e7l\u00fc, rekabet\u00e7i ve yenilik\u00e7i bir soluk olacakt\u0131r.<\/p>\n","protected":false},"author":1,"featured_media":0,"parent":0,"menu_order":0,"comment_status":"closed","ping_status":"closed","template":"","meta":{"footnotes":""},"class_list":["post-66","page","type-page","status-publish","hentry"],"_links":{"self":[{"href":"https:\/\/datasec.com.tr\/index.php\/wp-json\/wp\/v2\/pages\/66","targetHints":{"allow":["GET"]}}],"collection":[{"href":"https:\/\/datasec.com.tr\/index.php\/wp-json\/wp\/v2\/pages"}],"about":[{"href":"https:\/\/datasec.com.tr\/index.php\/wp-json\/wp\/v2\/types\/page"}],"author":[{"embeddable":true,"href":"https:\/\/datasec.com.tr\/index.php\/wp-json\/wp\/v2\/users\/1"}],"replies":[{"embeddable":true,"href":"https:\/\/datasec.com.tr\/index.php\/wp-json\/wp\/v2\/comments?post=66"}],"version-history":[{"count":2,"href":"https:\/\/datasec.com.tr\/index.php\/wp-json\/wp\/v2\/pages\/66\/revisions"}],"predecessor-version":[{"id":82,"href":"https:\/\/datasec.com.tr\/index.php\/wp-json\/wp\/v2\/pages\/66\/revisions\/82"}],"wp:attachment":[{"href":"https:\/\/datasec.com.tr\/index.php\/wp-json\/wp\/v2\/media?parent=66"}],"curies":[{"name":"wp","href":"https:\/\/api.w.org\/{rel}","templated":true}]}}